{"id":23,"date":"2025-07-11T09:44:08","date_gmt":"2025-07-11T09:44:08","guid":{"rendered":"https:\/\/boljibiznis.online\/?page_id=23"},"modified":"2025-07-11T12:28:56","modified_gmt":"2025-07-11T12:28:56","slug":"pojedinacna-i-zbirna-pdv-evidencija","status":"publish","type":"page","link":"https:\/\/landing.ekompanija.com\/","title":{"rendered":"Pojedina\u010dna i zbirna PDV evidencija"},"content":{"rendered":"\t\t<div data-elementor-type=\"wp-page\" data-elementor-id=\"23\" class=\"elementor elementor-23\" data-elementor-post-type=\"page\">\n\t\t\t\t<div class=\"elementor-element elementor-element-4c7e84a3 e-flex e-con-boxed e-con e-parent\" data-id=\"4c7e84a3\" data-element_type=\"container\" data-settings=\"{&quot;background_background&quot;:&quot;classic&quot;}\">\n\t\t\t\t\t<div class=\"e-con-inner\">\n\t\t<div class=\"elementor-element elementor-element-3902314d e-con-full e-flex e-con e-child\" data-id=\"3902314d\" data-element_type=\"container\">\n\t\t\t\t<div class=\"elementor-element elementor-element-6b35bf0a elementor-widget elementor-widget-theme-site-logo elementor-widget-image\" data-id=\"6b35bf0a\" data-element_type=\"widget\" data-widget_type=\"theme-site-logo.default\">\n\t\t\t\t\t\t\t\t\t\t\t<a href=\"https:\/\/landing.ekompanija.com\">\n\t\t\t<img fetchpriority=\"high\" decoding=\"async\" width=\"1011\" height=\"217\" src=\"https:\/\/landing.ekompanija.com\/wp-content\/uploads\/2025\/07\/ekompanijalogo.webp\" class=\"attachment-full size-full wp-image-55\" alt=\"\" srcset=\"https:\/\/landing.ekompanija.com\/wp-content\/uploads\/2025\/07\/ekompanijalogo.webp 1011w, https:\/\/landing.ekompanija.com\/wp-content\/uploads\/2025\/07\/ekompanijalogo-300x64.webp 300w, https:\/\/landing.ekompanija.com\/wp-content\/uploads\/2025\/07\/ekompanijalogo-768x165.webp 768w\" sizes=\"(max-width: 1011px) 100vw, 1011px\" \/>\t\t\t\t<\/a>\n\t\t\t\t\t\t\t\t\t\t\t<\/div>\n\t\t\t\t<div class=\"elementor-element elementor-element-2f781c17 elementor-widget elementor-widget-heading\" data-id=\"2f781c17\" data-element_type=\"widget\" data-widget_type=\"heading.default\">\n\t\t\t\t\t<h1 class=\"elementor-heading-title elementor-size-default\">Pojedina\u010dna i zbirna evidencija PDV u SEF-u<\/h1>\t\t\t\t<\/div>\n\t\t\t\t<div class=\"elementor-element elementor-element-13727ab2 elementor-widget elementor-widget-text-editor\" data-id=\"13727ab2\" data-element_type=\"widget\" data-widget_type=\"text-editor.default\">\n\t\t\t\t\t\t\t\t\t<p>Re\u0161ite se nedoumica o pojedina\u010dnoj i zbirnoj evidenciji PDV u SEF-u, na na\u0161em besplatnom webinaru.<\/p>\t\t\t\t\t\t\t\t<\/div>\n\t\t\t\t<div class=\"elementor-element elementor-element-4545e1d5 elementor-widget elementor-widget-button\" data-id=\"4545e1d5\" data-element_type=\"widget\" data-widget_type=\"button.default\">\n\t\t\t\t\t\t\t\t\t\t<a class=\"elementor-button elementor-button-link elementor-size-sm\" href=\"#prijava\">\n\t\t\t\t\t\t<span class=\"elementor-button-content-wrapper\">\n\t\t\t\t\t\t\t\t\t<span class=\"elementor-button-text\">Gledajte odmah<\/span>\n\t\t\t\t\t<\/span>\n\t\t\t\t\t<\/a>\n\t\t\t\t\t\t\t\t<\/div>\n\t\t\t\t<div class=\"elementor-element elementor-element-2ebf643f elementor-icon-list--layout-traditional elementor-list-item-link-full_width elementor-widget elementor-widget-icon-list\" data-id=\"2ebf643f\" data-element_type=\"widget\" data-widget_type=\"icon-list.default\">\n\t\t\t\t\t\t\t<ul class=\"elementor-icon-list-items\">\n\t\t\t\t\t\t\t<li class=\"elementor-icon-list-item\">\n\t\t\t\t\t\t\t\t\t\t\t<span class=\"elementor-icon-list-icon\">\n\t\t\t\t\t\t\t<svg aria-hidden=\"true\" class=\"e-font-icon-svg e-fas-check-circle\" viewBox=\"0 0 512 512\" xmlns=\"http:\/\/www.w3.org\/2000\/svg\"><path d=\"M504 256c0 136.967-111.033 248-248 248S8 392.967 8 256 119.033 8 256 8s248 111.033 248 248zM227.314 387.314l184-184c6.248-6.248 6.248-16.379 0-22.627l-22.627-22.627c-6.248-6.249-16.379-6.249-22.628 0L216 308.118l-70.059-70.059c-6.248-6.248-16.379-6.248-22.628 0l-22.627 22.627c-6.248 6.248-6.248 16.379 0 22.627l104 104c6.249 6.249 16.379 6.249 22.628.001z\"><\/path><\/svg>\t\t\t\t\t\t<\/span>\n\t\t\t\t\t\t\t\t\t\t<span class=\"elementor-icon-list-text\">Sazna\u0107ete sve o zakonskoj obavezi u vezi sa pojedina\u010dnom i zbirnom evidencijom PDV na SEF-u<\/span>\n\t\t\t\t\t\t\t\t\t<\/li>\n\t\t\t\t\t\t\t\t<li class=\"elementor-icon-list-item\">\n\t\t\t\t\t\t\t\t\t\t\t<span class=\"elementor-icon-list-icon\">\n\t\t\t\t\t\t\t<svg aria-hidden=\"true\" class=\"e-font-icon-svg e-fas-check-circle\" viewBox=\"0 0 512 512\" xmlns=\"http:\/\/www.w3.org\/2000\/svg\"><path d=\"M504 256c0 136.967-111.033 248-248 248S8 392.967 8 256 119.033 8 256 8s248 111.033 248 248zM227.314 387.314l184-184c6.248-6.248 6.248-16.379 0-22.627l-22.627-22.627c-6.248-6.249-16.379-6.249-22.628 0L216 308.118l-70.059-70.059c-6.248-6.248-16.379-6.248-22.628 0l-22.627 22.627c-6.248 6.248-6.248 16.379 0 22.627l104 104c6.249 6.249 16.379 6.249 22.628.001z\"><\/path><\/svg>\t\t\t\t\t\t<\/span>\n\t\t\t\t\t\t\t\t\t\t<span class=\"elementor-icon-list-text\">Sazna\u0107ete kako ovu obavezu mo\u017eete lako da izvr\u0161ite uz najjednostavniji poslovni softver na tr\u017ei\u0161tu - eKompanija<\/span>\n\t\t\t\t\t\t\t\t\t<\/li>\n\t\t\t\t\t\t<\/ul>\n\t\t\t\t\t\t<\/div>\n\t\t\t\t<\/div>\n\t\t<div class=\"elementor-element elementor-element-69762ece e-con-full e-flex e-con e-child\" data-id=\"69762ece\" data-element_type=\"container\">\n\t\t\t\t<div class=\"elementor-element elementor-element-abec590 elementor-widget elementor-widget-image\" data-id=\"abec590\" data-element_type=\"widget\" data-widget_type=\"image.default\">\n\t\t\t\t\t\t\t\t\t\t\t\t\t\t\t<img decoding=\"async\" width=\"1080\" height=\"1080\" src=\"https:\/\/landing.ekompanija.com\/wp-content\/uploads\/2025\/07\/pdv.webp\" class=\"attachment-full size-full wp-image-32\" alt=\"\" srcset=\"https:\/\/landing.ekompanija.com\/wp-content\/uploads\/2025\/07\/pdv.webp 1080w, https:\/\/landing.ekompanija.com\/wp-content\/uploads\/2025\/07\/pdv-300x300.webp 300w, https:\/\/landing.ekompanija.com\/wp-content\/uploads\/2025\/07\/pdv-1024x1024.webp 1024w, https:\/\/landing.ekompanija.com\/wp-content\/uploads\/2025\/07\/pdv-150x150.webp 150w, https:\/\/landing.ekompanija.com\/wp-content\/uploads\/2025\/07\/pdv-768x768.webp 768w\" sizes=\"(max-width: 1080px) 100vw, 1080px\" \/>\t\t\t\t\t\t\t\t\t\t\t\t\t\t\t<\/div>\n\t\t\t\t<\/div>\n\t\t\t\t\t<\/div>\n\t\t\t\t<\/div>\n\t\t<div class=\"elementor-element elementor-element-556a8c56 e-flex e-con-boxed e-con e-parent\" data-id=\"556a8c56\" data-element_type=\"container\">\n\t\t\t\t\t<div class=\"e-con-inner\">\n\t\t\t\t<div class=\"elementor-element elementor-element-19bb0db1 elementor-widget elementor-widget-heading\" data-id=\"19bb0db1\" data-element_type=\"widget\" data-widget_type=\"heading.default\">\n\t\t\t\t\t<h2 class=\"elementor-heading-title elementor-size-default\">\u0160ta vam je potrebno da prisustvujete na\u0161em besplatnom webinaru:<\/h2>\t\t\t\t<\/div>\n\t\t<div class=\"elementor-element elementor-element-7d641ef7 e-con-full e-flex e-con e-child\" data-id=\"7d641ef7\" data-element_type=\"container\">\n\t\t<div class=\"elementor-element elementor-element-69a2b792 e-con-full e-flex e-con e-child\" data-id=\"69a2b792\" data-element_type=\"container\">\n\t\t\t\t<div class=\"elementor-element elementor-element-21b7396 elementor-view-default elementor-widget elementor-widget-icon\" data-id=\"21b7396\" data-element_type=\"widget\" data-widget_type=\"icon.default\">\n\t\t\t\t\t\t\t<div class=\"elementor-icon-wrapper\">\n\t\t\t<div class=\"elementor-icon\">\n\t\t\t<svg aria-hidden=\"true\" class=\"e-font-icon-svg e-far-clock\" viewBox=\"0 0 512 512\" xmlns=\"http:\/\/www.w3.org\/2000\/svg\"><path d=\"M256 8C119 8 8 119 8 256s111 248 248 248 248-111 248-248S393 8 256 8zm0 448c-110.5 0-200-89.5-200-200S145.5 56 256 56s200 89.5 200 200-89.5 200-200 200zm61.8-104.4l-84.9-61.7c-3.1-2.3-4.9-5.9-4.9-9.7V116c0-6.6 5.4-12 12-12h32c6.6 0 12 5.4 12 12v141.7l66.8 48.6c5.4 3.9 6.5 11.4 2.6 16.8L334.6 349c-3.9 5.3-11.4 6.5-16.8 2.6z\"><\/path><\/svg>\t\t\t<\/div>\n\t\t<\/div>\n\t\t\t\t\t\t<\/div>\n\t\t\t\t<div class=\"elementor-element elementor-element-a732643 elementor-widget elementor-widget-heading\" data-id=\"a732643\" data-element_type=\"widget\" data-widget_type=\"heading.default\">\n\t\t\t\t\t<h3 class=\"elementor-heading-title elementor-size-default\">45 minuta vremena<\/h3>\t\t\t\t<\/div>\n\t\t\t\t<div class=\"elementor-element elementor-element-1371fd06 elementor-widget elementor-widget-text-editor\" data-id=\"1371fd06\" data-element_type=\"widget\" data-widget_type=\"text-editor.default\">\n\t\t\t\t\t\t\t\t\t<p>Webinar je snimljen i traje 45 minuta. Zbog va\u017enosti teme, predla\u017eemo vam da budete u okru\u017eenju bez distrakcija.<\/p><p>\u00a0<\/p>\t\t\t\t\t\t\t\t<\/div>\n\t\t\t\t<\/div>\n\t\t<div class=\"elementor-element elementor-element-4b613d5b e-con-full e-flex e-con e-child\" data-id=\"4b613d5b\" data-element_type=\"container\">\n\t\t\t\t<div class=\"elementor-element elementor-element-67ff7df elementor-view-default elementor-widget elementor-widget-icon\" data-id=\"67ff7df\" data-element_type=\"widget\" data-widget_type=\"icon.default\">\n\t\t\t\t\t\t\t<div class=\"elementor-icon-wrapper\">\n\t\t\t<div class=\"elementor-icon\">\n\t\t\t<svg aria-hidden=\"true\" class=\"e-font-icon-svg e-fas-laptop\" viewBox=\"0 0 640 512\" xmlns=\"http:\/\/www.w3.org\/2000\/svg\"><path d=\"M624 416H381.54c-.74 19.81-14.71 32-32.74 32H288c-18.69 0-33.02-17.47-32.77-32H16c-8.8 0-16 7.2-16 16v16c0 35.2 28.8 64 64 64h512c35.2 0 64-28.8 64-64v-16c0-8.8-7.2-16-16-16zM576 48c0-26.4-21.6-48-48-48H112C85.6 0 64 21.6 64 48v336h512V48zm-64 272H128V64h384v256z\"><\/path><\/svg>\t\t\t<\/div>\n\t\t<\/div>\n\t\t\t\t\t\t<\/div>\n\t\t\t\t<div class=\"elementor-element elementor-element-33132237 elementor-widget elementor-widget-heading\" data-id=\"33132237\" data-element_type=\"widget\" data-widget_type=\"heading.default\">\n\t\t\t\t\t<h3 class=\"elementor-heading-title elementor-size-default\">Laptop ili desktop ra\u010dunar\n<\/h3>\t\t\t\t<\/div>\n\t\t\t\t<div class=\"elementor-element elementor-element-5e8a5473 elementor-widget elementor-widget-text-editor\" data-id=\"5e8a5473\" data-element_type=\"widget\" data-widget_type=\"text-editor.default\">\n\t\t\t\t\t\t\t\t\t<div id=\"Content-columns-1\" class=\"ml-animate ml-visible\"><div class=\"md:px-8 max-w-6xl mx-auto w-full px-4 lg:px-8\"><div class=\"transition-all duration-150\"><div class=\"gap-12 grid transition-all duration-150\"><div class=\"relative\"><div class=\"grid lg:grid-cols-2 items-center gap-8 gap-x-16 gap-y-12\"><div class=\"ml-column\"><div class=\"list-group\"><div class=\"list-group-item\"><div class=\"transition-all duration-150\"><div><p class=\"ml-p ml-p-3\">Iako je na\u0161 webinar mogu\u0107e pratiti i putem mobilnog telefona, predla\u017eemo vam da ga zbog komfora pra\u0107enja gledate sa laptop ili desktop ra\u010dunara.<\/p><\/div><\/div><\/div><\/div><\/div><\/div><\/div><\/div><\/div><\/div><\/div><div id=\"One-Column-1\" class=\"ml-animate ml-visible\"><div class=\"md:px-8 max-w-6xl mx-auto w-full px-4 lg:px-8\"><div class=\"transition-all duration-150\"><div class=\"gap-12 grid transition-all duration-150\"><div class=\"border relative group\/card sm-only:!px-4 relative\"><div class=\"grid items-center gap-8 gap-x-16 gap-y-12\"><div class=\"ml-column\"><div class=\"list-group\"><div class=\"list-group-item\"><div class=\"transition-all duration-150\"><div>\u00a0<\/div><\/div><\/div><\/div><\/div><\/div><\/div><\/div><\/div><\/div><\/div>\t\t\t\t\t\t\t\t<\/div>\n\t\t\t\t<\/div>\n\t\t\t\t<\/div>\n\t\t\t\t\t<\/div>\n\t\t\t\t<\/div>\n\t\t<div class=\"elementor-element elementor-element-6d0958a1 e-flex e-con-boxed e-con e-parent\" data-id=\"6d0958a1\" data-element_type=\"container\" id=\"prijava\" data-settings=\"{&quot;background_background&quot;:&quot;classic&quot;}\">\n\t\t\t\t\t<div class=\"e-con-inner\">\n\t\t\t\t<div class=\"elementor-element elementor-element-a675f4d elementor-widget elementor-widget-heading\" data-id=\"a675f4d\" data-element_type=\"widget\" data-widget_type=\"heading.default\">\n\t\t\t\t\t<h2 class=\"elementor-heading-title elementor-size-default\">Popunite formu da se prijavite<\/h2>\t\t\t\t<\/div>\n\t\t\t\t<div class=\"elementor-element elementor-element-7e22a87c fluentform-widget-submit-button-full-width fluent-form-widget-step-header-yes fluent-form-widget-step-progressbar-yes elementor-widget elementor-widget-fluent-form-widget\" data-id=\"7e22a87c\" data-element_type=\"widget\" data-widget_type=\"fluent-form-widget.default\">\n\t\t\t\t<div class=\"elementor-widget-container\">\n\t\t\t\t\t\n            <div class=\"fluentform-widget-wrapper fluentform-widget-align-default\">\n\n            \n            <div class='fluentform ff-default fluentform_wrapper_3 ffs_default_wrap'><form data-form_id=\"3\" id=\"fluentform_3\" class=\"frm-fluent-form fluent_form_3 ff-el-form-top ff_form_instance_3_1 ff-form-loading ffs_default\" data-form_instance=\"ff_form_instance_3_1\" method=\"POST\" ><fieldset  style=\"border: none!important;margin: 0!important;padding: 0!important;background-color: transparent!important;box-shadow: none!important;outline: none!important; min-inline-size: 100%;\">\n                    <legend class=\"ff_screen_reader_title\" style=\"display: block; margin: 0!important;padding: 0!important;height: 0!important;text-indent: -999999px;width: 0!important;overflow:hidden;\">Webinar PDV evidencija<\/legend><input type='hidden' name='__fluent_form_embded_post_id' value='23' \/><input type=\"hidden\" id=\"_fluentform_3_fluentformnonce\" name=\"_fluentform_3_fluentformnonce\" value=\"a0d8e202b9\" \/><input type=\"hidden\" name=\"_wp_http_referer\" value=\"\/index.php\/wp-json\/wp\/v2\/pages\/23\" \/><div data-type=\"name-element\" data-name=\"names\" class=\" ff-field_container ff-name-field-wrapper\" ><div class='ff-t-container'><div class='ff-t-cell '><div class='ff-el-group ff-el-form-top'><div class=\"ff-el-input--label ff-el-is-required asterisk-right\"><label for='ff_3_names_first_name_' >Va\u0161e ime:<\/label><\/div><div class='ff-el-input--content'><input type=\"text\" name=\"names[first_name]\" id=\"ff_3_names_first_name_\" class=\"ff-el-form-control\" placeholder=\"npr. Petar\" aria-invalid=\"false\" aria-required=true><\/div><\/div><\/div><div class='ff-t-cell '><div class='ff-el-group ff-el-form-top'><div class=\"ff-el-input--label ff-el-is-required asterisk-right\"><label for='ff_3_names_last_name_' >Va\u0161e prezime:<\/label><\/div><div class='ff-el-input--content'><input type=\"text\" name=\"names[last_name]\" id=\"ff_3_names_last_name_\" class=\"ff-el-form-control\" placeholder=\"npr. Petrovi\u0107\" aria-invalid=\"false\" aria-required=true><\/div><\/div><\/div><\/div><\/div><div data-name=\"ff_cn_id_1\"  class='ff-t-container ff-column-container ff_columns_total_2  '><div class='ff-t-cell ff-t-column-1' style='flex-basis: 50%;'><div class='ff-el-group'><div class=\"ff-el-input--label ff-el-is-required asterisk-right\"><label for='ff_3_phone' aria-label=\"Broj telefona:\">Broj telefona:<\/label><\/div><div class='ff-el-input--content'><input name=\"phone\" class=\"ff-el-form-control ff-el-phone ff_el_with_extended_validation\" type=\"tel\" placeholder=\"npr. 064123456\" data-name=\"phone\" id=\"ff_3_phone\" inputmode=\"tel\"  aria-invalid='false' aria-required=true><\/div><\/div><\/div><div class='ff-t-cell ff-t-column-2' style='flex-basis: 50%;'><div class='ff-el-group'><div class=\"ff-el-input--label ff-el-is-required asterisk-right\"><label for='ff_3_email' aria-label=\"Email adresa:\">Email adresa:<\/label><\/div><div class='ff-el-input--content'><input type=\"email\" name=\"email\" id=\"ff_3_email\" class=\"ff-el-form-control\" placeholder=\"npr ime@firma.com\" data-name=\"email\"  aria-invalid=\"false\" aria-required=true><\/div><\/div><\/div><\/div><div class='ff-el-group'><div class=\"ff-el-input--label ff-el-is-required asterisk-right\"><label for='ff_3_input_text' aria-label=\"PIB firme:\">PIB firme:<\/label><\/div><div class='ff-el-input--content'><input type=\"text\" name=\"input_text\" class=\"ff-el-form-control\" placeholder=\"npr: 123456789\" data-name=\"input_text\" id=\"ff_3_input_text\"  aria-invalid=\"false\" aria-required=true><\/div><\/div><div class='ff-el-group    ff-el-input--content'><div class='ff-el-form-check ff-el-tc'><label aria-label='Prihvatam prikupljanje i obradu podataka u skladu sa Politikom privatnosti' class='ff-el-form-check-label ff_tc_label' for=gdpr-agreement_fb7e5e0381cf36694c9a77a67a6226c1><span class='ff_tc_checkbox'><input type=\"checkbox\" name=\"gdpr-agreement\" class=\"ff-el-form-check-input ff_gdpr_field\" data-name=\"gdpr-agreement\" id=\"gdpr-agreement_fb7e5e0381cf36694c9a77a67a6226c1\"  value='on' aria-invalid='false' aria-required=true><\/span> <div class='ff_t_c'>Prihvatam prikupljanje i obradu podataka u skladu sa Politikom privatnosti<\/div><\/label><\/div><\/div><div class='ff-el-group ff-text-left ff_submit_btn_wrapper'><button type=\"submit\" class=\"ff-btn ff-btn-submit ff-btn-md ff_btn_style\" >Prijavljujem se<\/button><\/div><\/fieldset><\/form><div id='fluentform_3_errors' class='ff-errors-in-stack ff_form_instance_3_1 ff-form-loading_errors ff_form_instance_3_1_errors'><\/div><\/div>        <script type=\"text\/javascript\">\n            window.fluent_form_ff_form_instance_3_1 = {\"id\":\"3\",\"settings\":{\"layout\":{\"labelPlacement\":\"top\",\"asteriskPlacement\":\"asterisk-right\",\"helpMessagePlacement\":\"with_label\",\"errorMessagePlacement\":\"inline\",\"cssClassName\":\"\"},\"restrictions\":{\"denyEmptySubmission\":{\"enabled\":false}}},\"form_instance\":\"ff_form_instance_3_1\",\"form_id_selector\":\"fluentform_3\",\"rules\":{\"names[first_name]\":{\"required\":{\"value\":true,\"message\":\"This field is required\",\"global_message\":\"This field is required\",\"global\":true}},\"names[middle_name]\":{\"required\":{\"value\":false,\"message\":\"This field is required\",\"global_message\":\"This field is required\",\"global\":true}},\"names[last_name]\":{\"required\":{\"value\":true,\"message\":\"This field is required\",\"global_message\":\"This field is required\",\"global\":true}},\"phone\":{\"required\":{\"value\":true,\"global\":true,\"message\":\"This field is required\",\"global_message\":\"This field is required\"},\"valid_phone_number\":{\"value\":true,\"global\":true,\"message\":\"Phone number is not valid\",\"global_message\":\"Phone number is not valid\"}},\"email\":{\"required\":{\"value\":true,\"message\":\"This field is required\",\"global_message\":\"This field is required\",\"global\":true},\"email\":{\"value\":true,\"message\":\"This field must contain a valid email\",\"global_message\":\"This field must contain a valid email\",\"global\":true}},\"input_text\":{\"required\":{\"value\":true,\"message\":\"This field is required\",\"global_message\":\"This field is required\",\"global\":true}},\"gdpr-agreement\":{\"required\":{\"value\":true,\"message\":\"This field is required\",\"global_message\":\"This field is required\",\"global\":true}}},\"debounce_time\":300};\n                    <\/script>\n                    <\/div>\n\n            \t\t\t\t<\/div>\n\t\t\t\t<\/div>\n\t\t\t\t\t<\/div>\n\t\t\t\t<\/div>\n\t\t\t\t<\/div>\n\t\t","protected":false},"excerpt":{"rendered":"<p>Pojedina\u010dna i zbirna evidencija PDV u SEF-u Re\u0161ite se nedoumica o pojedina\u010dnoj i zbirnoj evidenciji PDV u SEF-u, na na\u0161em besplatnom webinaru. Gledajte odmah Sazna\u0107ete sve o zakonskoj obavezi u vezi sa pojedina\u010dnom i zbirnom evidencijom PDV na SEF-u Sazna\u0107ete kako ovu obavezu mo\u017eete lako da izvr\u0161ite uz najjednostavniji poslovni softver na tr\u017ei\u0161tu &#8211; eKompanija [&hellip;]<\/p>\n","protected":false},"author":1,"featured_media":0,"parent":0,"menu_order":0,"comment_status":"closed","ping_status":"closed","template":"elementor_canvas","meta":{"footnotes":""},"class_list":["post-23","page","type-page","status-publish","hentry"],"_links":{"self":[{"href":"https:\/\/landing.ekompanija.com\/index.php\/wp-json\/wp\/v2\/pages\/23","targetHints":{"allow":["GET"]}}],"collection":[{"href":"https:\/\/landing.ekompanija.com\/index.php\/wp-json\/wp\/v2\/pages"}],"about":[{"href":"https:\/\/landing.ekompanija.com\/index.php\/wp-json\/wp\/v2\/types\/page"}],"author":[{"embeddable":true,"href":"https:\/\/landing.ekompanija.com\/index.php\/wp-json\/wp\/v2\/users\/1"}],"replies":[{"embeddable":true,"href":"https:\/\/landing.ekompanija.com\/index.php\/wp-json\/wp\/v2\/comments?post=23"}],"version-history":[{"count":19,"href":"https:\/\/landing.ekompanija.com\/index.php\/wp-json\/wp\/v2\/pages\/23\/revisions"}],"predecessor-version":[{"id":96,"href":"https:\/\/landing.ekompanija.com\/index.php\/wp-json\/wp\/v2\/pages\/23\/revisions\/96"}],"wp:attachment":[{"href":"https:\/\/landing.ekompanija.com\/index.php\/wp-json\/wp\/v2\/media?parent=23"}],"curies":[{"name":"wp","href":"https:\/\/api.w.org\/{rel}","templated":true}]}}